{"id":870,"date":"2023-01-21T15:16:38","date_gmt":"2023-01-21T14:16:38","guid":{"rendered":"http:\/\/acritarche.com\/?page_id=870"},"modified":"2024-11-13T16:13:44","modified_gmt":"2024-11-13T15:13:44","slug":"telechargez","status":"publish","type":"page","link":"https:\/\/acritarche.com\/index.php\/telechargez\/","title":{"rendered":"T\u00e9l\u00e9chargez !"},"content":{"rendered":"\n<p><strong>C&rsquo;est ici que l&rsquo;hydre interne Neth garde les goodies et trucs utiles pour l&rsquo;Acritarche. Elle est bien dress\u00e9e et ne mord pas.<\/strong> <\/p>\n\n\n\n<p>T\u00e9l\u00e9chargez tout ce que vous voulez. Mais dites-lui merci en partant.<\/p>\n\n\n\n<h3 class=\"has-vivid-red-color has-text-color\">Horrifique<\/h3>\n\n\n\n<p><a href=\"http:\/\/acritarche.com\/wp-content\/uploads\/2023\/07\/DbA-Horrifique-kit_demo_complet_light.pdf\">Kit de d\u00e9mo<\/a> (32 Mo)<br><a href=\"http:\/\/acritarche.com\/wp-content\/uploads\/2023\/09\/DbA-Horrifique-Fll-notes_Obscurite-v2-paysage.pdf\">Feuille de notes de l&rsquo;Obscurit\u00e9<\/a> (9 Mo)<br><a href=\"http:\/\/acritarche.com\/dba-horrifique-fll-traces\/\">F<\/a><a href=\"https:\/\/acritarche.com\/wp-content\/uploads\/2023\/01\/DbA-Horrifique-Fll-Traces.pdf\">euille des Traces<\/a> ( 11 Mo)<br><a href=\"http:\/\/acritarche.com\/wp-content\/uploads\/2024\/11\/DbA-Horrifique-Game_jam_2024-11.pdf\">Game jam <\/a>(2 Mo)<\/p>\n\n\n\n<h3 class=\"has-vivid-red-color has-text-color\">Dungeon World<\/h3>\n\n\n\n<p><a href=\"http:\/\/acritarche.com\/wp-content\/uploads\/2023\/07\/ETS-dessiner_carte.pdf\">G\u00e9n\u00e9ration de carte d&rsquo;En terres sauvages<\/a> (1 Mo)<br><a href=\"http:\/\/acritarche.com\/wp-content\/uploads\/2023\/07\/IBO_tracer_contours.pdf\">G\u00e9n\u00e9ration de plan d&rsquo;Impitoyables bourgades<\/a> (2 Mo)<br><a href=\"http:\/\/acritarche.com\/wp-content\/uploads\/2023\/07\/DBA-8_peuples.pdf\">8 peuples originaux<\/a> (11 Mo)<br><a href=\"http:\/\/acritarche.com\/wp-content\/uploads\/2023\/07\/DBA-12-cartes_destin.pdf\">Vos 12 premi\u00e8res cartes du Destin<\/a> (30 Mo)<\/p>\n\n\n\n<h3 class=\"has-vivid-red-color has-text-color\">Freebooters on the frontier<\/h3>\n\n\n\n<p><a href=\"http:\/\/acritarche.com\/wp-content\/uploads\/2023\/07\/Freebooters_on_the_Frontier_livrets.pdf\">Feuilles de personnages<\/a> (9 Mo)<\/p>\n\n\n\n<p class=\"has-vivid-cyan-blue-color has-text-color\"><strong><a href=\"https:\/\/acritarche.com\/index.php\/produits\/\">D\u00e9couvrez nos produits \u00e0 Haut Potentiel Ludique !<\/a><\/strong><\/p>\n","protected":false},"excerpt":{"rendered":"<p>C&rsquo;est ici que l&rsquo;hydre interne Neth garde les goodies et trucs utiles pour l&rsquo;Acritarche. Elle est bien dress\u00e9e et ne mord pas. T\u00e9l\u00e9chargez tout ce que vous voulez. Mais dites-lui merci en partant. Horrifique Kit de d\u00e9mo (32 Mo)Feuille de [&hellip;]<\/p>\n","protected":false},"author":1,"featured_media":0,"parent":0,"menu_order":0,"comment_status":"closed","ping_status":"closed","template":"","meta":[],"_links":{"self":[{"href":"https:\/\/acritarche.com\/index.php\/wp-json\/wp\/v2\/pages\/870"}],"collection":[{"href":"https:\/\/acritarche.com\/index.php\/wp-json\/wp\/v2\/pages"}],"about":[{"href":"https:\/\/acritarche.com\/index.php\/wp-json\/wp\/v2\/types\/page"}],"author":[{"embeddable":true,"href":"https:\/\/acritarche.com\/index.php\/wp-json\/wp\/v2\/users\/1"}],"replies":[{"embeddable":true,"href":"https:\/\/acritarche.com\/index.php\/wp-json\/wp\/v2\/comments?post=870"}],"version-history":[{"count":10,"href":"https:\/\/acritarche.com\/index.php\/wp-json\/wp\/v2\/pages\/870\/revisions"}],"predecessor-version":[{"id":1168,"href":"https:\/\/acritarche.com\/index.php\/wp-json\/wp\/v2\/pages\/870\/revisions\/1168"}],"wp:attachment":[{"href":"https:\/\/acritarche.com\/index.php\/wp-json\/wp\/v2\/media?parent=870"}],"curies":[{"name":"wp","href":"https:\/\/api.w.org\/{rel}","templated":true}]}}