{"id":8,"date":"2016-09-19T16:41:56","date_gmt":"2016-09-19T14:41:56","guid":{"rendered":"http:\/\/acritarche.com\/?page_id=8"},"modified":"2016-09-24T17:05:11","modified_gmt":"2016-09-24T15:05:11","slug":"acritarche","status":"publish","type":"page","link":"https:\/\/acritarche.com\/index.php\/acritarche\/","title":{"rendered":"\u00c0 propos d&rsquo;Acritarche"},"content":{"rendered":"<p><strong>Acritarche<\/strong>, Bastien Wauthoz dans la vraie vie. Je suis\u00a0un auteur de jeu de r\u00f4les prim\u00e9 et un \u00e9diteur ind\u00e9pendant. Accessoirement, je suis aussi\u00a0g\u00e9ologue, mari\u00e9 et p\u00e8re de cinq gamins initi\u00e9s au jeu de r\u00f4le.<\/p>\n<p>J&rsquo;ai\u00a0traduit, mis-en-page et \u00e9dit\u00e9 le <a href=\"http:\/\/www.drivethrurpg.com\/product\/121614\/Guide-de-Dungeon-World\">Guide de Dungeon World<\/a>.\u00a0Et aussi, suite \u00e0 une <a href=\"https:\/\/fr.ulule.com\/serviteurs-reinedescendres\/\">campagne de financement explosive<\/a>,\u00a0<a href=\"http:\/\/acritarche.com\/index.php\/produit\/serviteurs-description\/\"><em>Serviteurs de la Reine des Cendres<\/em><\/a>,\u00a0<a href=\"http:\/\/acritarche.com\/index.php\/produit\/freebooters-description\/\"><em>Freebooters on the Frontier<\/em><\/a> et \u00a0<em>Trois sc\u00e9narios de Joe Banner<\/em>. Et bien s\u00fbr, <a href=\"http:\/\/acritarche.com\/index.php\/produit\/sanctuaire-description\/\">Sanctuaire<\/a>, le module sp\u00e9cialement destin\u00e9 au (nouveau) Meneur de jeu. Tous sont \u00e9dit\u00e9s par Designed by Acritarche.<\/p>\n<p>J&rsquo;ai \u00e9galement cr\u00e9\u00e9 200+ monstres adapt\u00e9s \u00e0 Dungeon World pour les <a href=\"http:\/\/www.drivethrurpg.com\/browse.php?keywords=Creature+Decks%3A+Dungeon+World&amp;manufacturers_id=4450&amp;x=0&amp;y=0&amp;author=&amp;artist=&amp;pfrom=&amp;pto=\">Creature\u00a0Decks d&rsquo;Inkwell Ideas<\/a>.\u00a0Et je suis\u00a0l\u2019auteur des <a href=\"http:\/\/www.legrog.org\/jeux\/demiurges-en-herbe\/recueil-de-jeux-de-role-fr\">Masques-tombes d\u2019Olinmar<\/a>, avec lequel j&rsquo;ai\u00a0remport\u00e9 la seconde \u00e9dition des D\u00e9miurges en herbes.<\/p>\n<p>De plus, je suis\u00a0\u00e9galement un <a href=\"http:\/\/acritarche.tumblr.com\/\">th\u00e9oricien du jeu de r\u00f4le<\/a>.\u00a0Et j&rsquo;ai\u00a0fait <a href=\"https:\/\/www.youtube.com\/watch?v=Z7QRi1RfZj0&amp;list=FLZVRhvs9xnmnYiR1-lLUxEg&amp;index=4\">une pr\u00e9sentation remarqu\u00e9e lors du Colloque pour les 40 ans du jdr<\/a> autour d\u2019outils destin\u00e9s \u00e0 l\u2019\u00e9criture de sc\u00e9narios. J&rsquo;ai\u00a0invent\u00e9 le sc\u00e9nario a design informatique (un presque accident). Et je\u00a0continue de travailler sur les moyens d\u2019am\u00e9liorer et d\u2019estimer le <a href=\"http:\/\/acritarche.com\/?s=potentiel+ludique\">potentiel ludique<\/a> des outils li\u00e9s au jeu de r\u00f4le (r\u00e8gles, suppl\u00e9ment, sc\u00e9nario, etc.).<\/p>\n<figure style=\"width: 640px\" class=\"wp-caption aligncenter\"><img decoding=\"async\" loading=\"lazy\" src=\"https:\/\/drfhlmcehrc34.cloudfront.net\/cache\/5\/b\/9278fd57af5dc1d5fbd476dcd611f2.jpg\" alt=\"Acritarche (sc\u00e9nario infographique)\" width=\"640\" height=\"480\" \/><figcaption class=\"wp-caption-text\">Le premier sc\u00e9nario \u00e0 design infographique.<\/figcaption><\/figure>\n","protected":false},"excerpt":{"rendered":"<p>Acritarche, Bastien Wauthoz dans la vraie vie. Je suis\u00a0un auteur de jeu de r\u00f4les prim\u00e9 et un \u00e9diteur ind\u00e9pendant. Accessoirement, je suis aussi\u00a0g\u00e9ologue, mari\u00e9 et p\u00e8re de cinq gamins initi\u00e9s au jeu de r\u00f4le. J&rsquo;ai\u00a0traduit, mis-en-page et \u00e9dit\u00e9 le Guide [&hellip;]<\/p>\n","protected":false},"author":1,"featured_media":0,"parent":0,"menu_order":3,"comment_status":"closed","ping_status":"closed","template":"","meta":[],"_links":{"self":[{"href":"https:\/\/acritarche.com\/index.php\/wp-json\/wp\/v2\/pages\/8"}],"collection":[{"href":"https:\/\/acritarche.com\/index.php\/wp-json\/wp\/v2\/pages"}],"about":[{"href":"https:\/\/acritarche.com\/index.php\/wp-json\/wp\/v2\/types\/page"}],"author":[{"embeddable":true,"href":"https:\/\/acritarche.com\/index.php\/wp-json\/wp\/v2\/users\/1"}],"replies":[{"embeddable":true,"href":"https:\/\/acritarche.com\/index.php\/wp-json\/wp\/v2\/comments?post=8"}],"version-history":[{"count":5,"href":"https:\/\/acritarche.com\/index.php\/wp-json\/wp\/v2\/pages\/8\/revisions"}],"predecessor-version":[{"id":406,"href":"https:\/\/acritarche.com\/index.php\/wp-json\/wp\/v2\/pages\/8\/revisions\/406"}],"wp:attachment":[{"href":"https:\/\/acritarche.com\/index.php\/wp-json\/wp\/v2\/media?parent=8"}],"curies":[{"name":"wp","href":"https:\/\/api.w.org\/{rel}","templated":true}]}}