{"id":584,"date":"2018-07-04T12:15:35","date_gmt":"2018-07-04T10:15:35","guid":{"rendered":"http:\/\/acritarche.com\/?page_id=584"},"modified":"2023-03-28T15:44:11","modified_gmt":"2023-03-28T13:44:11","slug":"en-terres-sauvages","status":"publish","type":"page","link":"https:\/\/acritarche.com\/index.php\/produits\/en-terres-sauvages\/","title":{"rendered":"En terres sauvages"},"content":{"rendered":"<p><i><em><img decoding=\"async\" loading=\"lazy\" class=\"alignleft size-medium wp-image-595\" src=\"http:\/\/acritarche.com\/wp-content\/uploads\/2018\/07\/Capture-d\u2019e\u0301cran-2018-07-04-a\u0300-12.32.13-300x213.png\" alt=\"Mock up En terres sauvages\" width=\"300\" height=\"213\" srcset=\"https:\/\/acritarche.com\/wp-content\/uploads\/2018\/07\/Capture-d\u2019e\u0301cran-2018-07-04-a\u0300-12.32.13-300x213.png 300w, https:\/\/acritarche.com\/wp-content\/uploads\/2018\/07\/Capture-d\u2019e\u0301cran-2018-07-04-a\u0300-12.32.13-768x545.png 768w, https:\/\/acritarche.com\/wp-content\/uploads\/2018\/07\/Capture-d\u2019e\u0301cran-2018-07-04-a\u0300-12.32.13-1024x727.png 1024w, https:\/\/acritarche.com\/wp-content\/uploads\/2018\/07\/Capture-d\u2019e\u0301cran-2018-07-04-a\u0300-12.32.13-700x497.png 700w, https:\/\/acritarche.com\/wp-content\/uploads\/2018\/07\/Capture-d\u2019e\u0301cran-2018-07-04-a\u0300-12.32.13-520x369.png 520w, https:\/\/acritarche.com\/wp-content\/uploads\/2018\/07\/Capture-d\u2019e\u0301cran-2018-07-04-a\u0300-12.32.13-360x256.png 360w, https:\/\/acritarche.com\/wp-content\/uploads\/2018\/07\/Capture-d\u2019e\u0301cran-2018-07-04-a\u0300-12.32.13-250x177.png 250w, https:\/\/acritarche.com\/wp-content\/uploads\/2018\/07\/Capture-d\u2019e\u0301cran-2018-07-04-a\u0300-12.32.13-100x71.png 100w\" sizes=\"(max-width: 300px) 100vw, 300px\" \/><\/em>En terres sauvages\u00a0<\/i>est la traduction de <em>The Perilous Wilds<\/em> par Jason Lutes. Il est reconnu comme\u00a0un des meilleurs\u00a0suppl\u00e9ments publi\u00e9s \u00e0 ce jour pour\u00a0<em>Dungeon World, <a href=\"http:\/\/acritarche.com\/index.php\/produits\/freebooters-description\/\">Freebooters on the frontier<\/a><\/em> et autres jeux de r\u00f4les d&rsquo;Heroic Fantasy. <em>En terres sauvages<\/em> vous invite \u00e0 cr\u00e9er des d\u00e9cors, dangers et d\u00e9couvertes ext\u00e9rieurs pour emmener vos aventuriers \u00e0 la d\u00e9couverte d&rsquo;un monde beau, vaste et&#8230;\u00a0dangereux.<\/p>\n<p>C\u2019est le suppl\u00e9ment id\u00e9al pour pr\u00e9parer ou\u00a0improviser des aventures en ext\u00e9rieur. J\u2019adore ce suppl\u00e9ment parce qu\u2019il allie des consignes simples et souples \u00e0 des tables al\u00e9atoires utiles et inspirantes. De plus, son approche des r\u00e9gions, lieux, d\u00e9couvertes, dangers et habitants est pragmatique et donne plein d&rsquo;opportunit\u00e9s de jeu. Bref, du haut potentiel ludique comme j\u2019aime !<\/p>\n<hr \/>\n<h4>Qu&rsquo;est-ce qu&rsquo;il y a dedans?<\/h4>\n<p><em>En terres sauvages<\/em>\u00a0prend la forme d\u2019un livre A5 de 72 pages N&amp;B divis\u00e9s en 10 chapitres :<em><img decoding=\"async\" loading=\"lazy\" class=\"size-medium wp-image-596 alignright\" src=\"http:\/\/acritarche.com\/wp-content\/uploads\/2018\/07\/Capture-d\u2019e\u0301cran-2018-07-04-a\u0300-12.32.43-300x213.png\" alt=\"\" width=\"300\" height=\"213\" srcset=\"https:\/\/acritarche.com\/wp-content\/uploads\/2018\/07\/Capture-d\u2019e\u0301cran-2018-07-04-a\u0300-12.32.43-300x213.png 300w, https:\/\/acritarche.com\/wp-content\/uploads\/2018\/07\/Capture-d\u2019e\u0301cran-2018-07-04-a\u0300-12.32.43-768x545.png 768w, https:\/\/acritarche.com\/wp-content\/uploads\/2018\/07\/Capture-d\u2019e\u0301cran-2018-07-04-a\u0300-12.32.43-1024x726.png 1024w, https:\/\/acritarche.com\/wp-content\/uploads\/2018\/07\/Capture-d\u2019e\u0301cran-2018-07-04-a\u0300-12.32.43-700x497.png 700w, https:\/\/acritarche.com\/wp-content\/uploads\/2018\/07\/Capture-d\u2019e\u0301cran-2018-07-04-a\u0300-12.32.43-520x369.png 520w, https:\/\/acritarche.com\/wp-content\/uploads\/2018\/07\/Capture-d\u2019e\u0301cran-2018-07-04-a\u0300-12.32.43-360x255.png 360w, https:\/\/acritarche.com\/wp-content\/uploads\/2018\/07\/Capture-d\u2019e\u0301cran-2018-07-04-a\u0300-12.32.43-250x177.png 250w, https:\/\/acritarche.com\/wp-content\/uploads\/2018\/07\/Capture-d\u2019e\u0301cran-2018-07-04-a\u0300-12.32.43-100x71.png 100w\" sizes=\"(max-width: 300px) 100vw, 300px\" \/><\/em><\/p>\n<ol>\n<li><strong>Apprendre le vocabulaire<\/strong>: un glossaire des termes et concepts de base.<\/li>\n<li><strong>Dessiner la carte<\/strong>: un guide pour une cr\u00e9ation collaborative de cartes.<\/li>\n<li><strong>Ouvrir la route<\/strong>: des r\u00e8gles alternatives pour les Recrues par Jeremy\u00a0<strong>Strandberg<\/strong>.<\/li>\n<li><strong>Voir le monde<\/strong>: de nouvelles Actions et des conseils pour entreprendre de p\u00e9rilleux voyages.<\/li>\n<li><strong>R\u00e9chapper \u00e0 la temp\u00eate<\/strong>: quelques suggestions et Actions pour g\u00e9rer le climat.<\/li>\n<li><strong>Vivre pour raconter la l\u00e9gende<\/strong>: cinq nouvelles classes de compendium tirant parti des nouveaut\u00e9s.<\/li>\n<li><strong>Consulter les Parques<\/strong>: des tables al\u00e9atoires en veux-tu en voil\u00e0 pour g\u00e9n\u00e9rer des aventures en\u00a0ext\u00e9rieur.<\/li>\n<li><strong>Plomberie en profondeurs<\/strong>: des r\u00e8gles pour la cr\u00e9ation de donjon avec de vraies th\u00e9matiques \u00e0 explorer.<\/li>\n<li><strong>Suivre son instinct<\/strong>: quelques conseils pour improviser des aventures en ext\u00e9rieur.<\/li>\n<li><strong>Baptiser tout le monde<\/strong>: des tables de noms pour les PNJ, Lieux et montures.<\/li>\n<\/ol>\n<hr \/>\n<h4>Pas seulement pour Dungeon World ou Freebooters on the Frontier<\/h4>\n<p>Les r\u00e8gles pour cr\u00e9er des r\u00e9gions, lieux, d\u00e9couvertes et danger, celles pour cr\u00e9er des donjons et des cartes collaboratives ne sont li\u00e9es \u00e0 aucun syst\u00e8me de jeu, tout\u00a0comme la\u00a0cr\u00e9ation de localit\u00e9s de\u00a0<em>Dungeon\u00a0World<\/em>. Et, si les tables al\u00e9atoires sont structur\u00e9es pour tirer profit des nouvelles\u00a0r\u00e8gles (voyages, recrues, donjon, etc.), elles gardent toute leur utilit\u00e9 pour explorer n\u2019importe quel d\u00e9cor de fantasy. Bref,\u00a0<em>En Terres Sauvages<\/em>\u00a0est utilisable \u00e0 95 % pour n\u2019importe quel jeu de fantasy hormis fantasy purement urbaine.<\/p>\n<p>30,00 \u20ac \u2013 Produit livr\u00e9 en Europe continentale (port compris) <form action=\"https:\/\/www.paypal.com\/cgi-bin\/webscr\" method=\"post\" ><input type=\"hidden\" name=\"cmd\" value=\"_xclick\"><input type=\"hidden\" name=\"business\" value=\"acritarche@yahoo.fr\"><input type=\"hidden\" name=\"item_name\" value=\"En Terres Sauvages\"><input type=\"hidden\" name=\"amount\" value=\"30.00\"><input type=\"hidden\" name=\"currency_code\" value=\"EUR\"><input type=\"hidden\" name=\"no_shipping\" value=\"2\"><input type=\"hidden\" name=\"return\" value=\"http:\/\/acritarche.com\/?page_id=337&#038;preview=true\"><input type=\"hidden\" name=\"notify_url\" value=\"https:\/\/acritarche.com\/?wp_paypal_ipn=1\"><input type=\"hidden\" name=\"bn\" value=\"WPPayPal_BuyNow_WPS_US\"><input type=\"image\" src=\"https:\/\/acritarche.com\/wp-content\/plugins\/wp-paypal\/images\/buy-now.png\" border=\"0\" name=\"submit\"><\/form><\/p>\n<p>35,00 \u20ac \u2013 Produit livr\u00e9 ailleurs dans le monde (port compris) <form action=\"https:\/\/www.paypal.com\/cgi-bin\/webscr\" method=\"post\" ><input type=\"hidden\" name=\"cmd\" value=\"_xclick\"><input type=\"hidden\" name=\"business\" value=\"acritarche@yahoo.fr\"><input type=\"hidden\" name=\"item_name\" value=\"En Terres Sauvages\"><input type=\"hidden\" name=\"amount\" value=\"35.00\"><input type=\"hidden\" name=\"currency_code\" value=\"EUR\"><input type=\"hidden\" name=\"notify_url\" value=\"https:\/\/acritarche.com\/?wp_paypal_ipn=1\"><input type=\"hidden\" name=\"bn\" value=\"WPPayPal_BuyNow_WPS_US\"><input type=\"image\" src=\"https:\/\/acritarche.com\/wp-content\/plugins\/wp-paypal\/images\/buy-now.png\" border=\"0\" name=\"submit\"><\/form><\/p>\n","protected":false},"excerpt":{"rendered":"<p>En terres sauvages\u00a0est la traduction de The Perilous Wilds par Jason Lutes. Il est reconnu comme\u00a0un des meilleurs\u00a0suppl\u00e9ments publi\u00e9s \u00e0 ce jour pour\u00a0Dungeon World, Freebooters on the frontier et autres jeux de r\u00f4les d&rsquo;Heroic Fantasy. En terres sauvages vous invite [&hellip;]<\/p>\n","protected":false},"author":1,"featured_media":0,"parent":11,"menu_order":0,"comment_status":"closed","ping_status":"closed","template":"","meta":[],"_links":{"self":[{"href":"https:\/\/acritarche.com\/index.php\/wp-json\/wp\/v2\/pages\/584"}],"collection":[{"href":"https:\/\/acritarche.com\/index.php\/wp-json\/wp\/v2\/pages"}],"about":[{"href":"https:\/\/acritarche.com\/index.php\/wp-json\/wp\/v2\/types\/page"}],"author":[{"embeddable":true,"href":"https:\/\/acritarche.com\/index.php\/wp-json\/wp\/v2\/users\/1"}],"replies":[{"embeddable":true,"href":"https:\/\/acritarche.com\/index.php\/wp-json\/wp\/v2\/comments?post=584"}],"version-history":[{"count":5,"href":"https:\/\/acritarche.com\/index.php\/wp-json\/wp\/v2\/pages\/584\/revisions"}],"predecessor-version":[{"id":959,"href":"https:\/\/acritarche.com\/index.php\/wp-json\/wp\/v2\/pages\/584\/revisions\/959"}],"up":[{"embeddable":true,"href":"https:\/\/acritarche.com\/index.php\/wp-json\/wp\/v2\/pages\/11"}],"wp:attachment":[{"href":"https:\/\/acritarche.com\/index.php\/wp-json\/wp\/v2\/media?parent=584"}],"curies":[{"name":"wp","href":"https:\/\/api.w.org\/{rel}","templated":true}]}}