{"id":341,"date":"2016-09-21T19:24:35","date_gmt":"2016-09-21T17:24:35","guid":{"rendered":"http:\/\/acritarche.com\/?page_id=341"},"modified":"2017-08-27T16:36:35","modified_gmt":"2017-08-27T14:36:35","slug":"sanctuaire-description","status":"publish","type":"page","link":"https:\/\/acritarche.com\/index.php\/produits\/sanctuaire-description\/","title":{"rendered":"Sanctuaire, le module pour Meneur de jeu"},"content":{"rendered":"<p>Sanctuaire est un module con\u00e7u <strong>pour le Meneur de jeu<\/strong>. Que vous soyez un d\u00e9butant complet ou que vous soyez d\u00e9boussol\u00e9 par <strong>Dungeon World<\/strong>, Sanctuaire est fait pour vous!<img decoding=\"async\" loading=\"lazy\" class=\"wp-image-342 size-medium alignright\" src=\"http:\/\/acritarche.com\/wp-content\/uploads\/2016\/09\/Sanctuaire_v2_mate\u0301riel_descriptif_nu-300x200.jpg\" alt=\"sanctuaire (mat\u00e9riel descriptif)\" width=\"300\" height=\"200\" srcset=\"https:\/\/acritarche.com\/wp-content\/uploads\/2016\/09\/Sanctuaire_v2_mate\u0301riel_descriptif_nu-300x200.jpg 300w, https:\/\/acritarche.com\/wp-content\/uploads\/2016\/09\/Sanctuaire_v2_mate\u0301riel_descriptif_nu-768x512.jpg 768w, https:\/\/acritarche.com\/wp-content\/uploads\/2016\/09\/Sanctuaire_v2_mate\u0301riel_descriptif_nu-1024x683.jpg 1024w, https:\/\/acritarche.com\/wp-content\/uploads\/2016\/09\/Sanctuaire_v2_mate\u0301riel_descriptif_nu-700x467.jpg 700w, https:\/\/acritarche.com\/wp-content\/uploads\/2016\/09\/Sanctuaire_v2_mate\u0301riel_descriptif_nu-520x347.jpg 520w, https:\/\/acritarche.com\/wp-content\/uploads\/2016\/09\/Sanctuaire_v2_mate\u0301riel_descriptif_nu-360x240.jpg 360w, https:\/\/acritarche.com\/wp-content\/uploads\/2016\/09\/Sanctuaire_v2_mate\u0301riel_descriptif_nu-250x167.jpg 250w, https:\/\/acritarche.com\/wp-content\/uploads\/2016\/09\/Sanctuaire_v2_mate\u0301riel_descriptif_nu-100x67.jpg 100w\" sizes=\"(max-width: 300px) 100vw, 300px\" \/><\/p>\n<p>Sanctuaire est un module qui se compose d&rsquo;un <strong>livre de 76 pages<\/strong> en couleur, de <strong>4 livrets<\/strong> de personnages pr\u00e9tir\u00e9s et de <strong>8 fiches<\/strong> r\u00e9sum\u00e9 pour le Meneur.<\/p>\n<p>Sanctuaire est illustr\u00e9 par Olivier &lsquo;<strong>Akae<\/strong>&lsquo; Sanfilippo et Nicolas &lsquo;<strong>LeChose<\/strong>&lsquo; Choserot.<\/p>\n<p><a href=\"https:\/\/www.youtube.com\/watch?v=4Fg1LbwmltQ\">La vid\u00e9o de pr\u00e9sentation de Sanctuaire.<\/a><\/p>\n<blockquote>\n<p class=\"p1\"><em>[\u2026] je trouve \u00e7a tr\u00e8s tr\u00e8s sympa. C\u2019est tr\u00e8s p\u00e9dagogique et bien pr\u00e9sent\u00e9.\u00a0[\u2026] Tu m\u2019as convaincu de l\u2019utilit\u00e9 de la d\u00e9marche alors que j\u2019\u00e9tais plut\u00f4t\u00a0mitig\u00e9 au d\u00e9part<\/em> \u2014 <b>Magimax<\/b><\/p>\n<\/blockquote>\n<hr \/>\n<p>Le livre de Sanctuaire se divise en deux grandes parties. Le premier tiers du livre contient <strong>tout ce dont\u00a0le Meneur a besoin de savoir pour mener le module<\/strong>.\u00a0Il\u00a0guide le Meneur d\u00e9butant <strong>pas \u00e0 pas par ses conseils choisis<\/strong>\u00a0et son vocabulaire simple.\u00a0Il fixe les enjeux narratifs et p\u00e9dagogiques pour chaque \u00ab\u00a0pi\u00e8ce du donjon\u00a0\u00bb, amenant le Meneur \u00e0 ma\u00eetriser progressivement toutes les r\u00e8gles de Dungeon World.<\/p>\n<p><img decoding=\"async\" loading=\"lazy\" class=\"aligncenter wp-image-343 size-large\" src=\"http:\/\/acritarche.com\/wp-content\/uploads\/2016\/09\/Mockup-Sanctuaire_v2_livret_3-1024x495.jpg\" alt=\"sanctuaire (mockup-sanctuaire_v2_livret_3)\" width=\"640\" height=\"309\" srcset=\"https:\/\/acritarche.com\/wp-content\/uploads\/2016\/09\/Mockup-Sanctuaire_v2_livret_3-1024x495.jpg 1024w, https:\/\/acritarche.com\/wp-content\/uploads\/2016\/09\/Mockup-Sanctuaire_v2_livret_3-300x145.jpg 300w, https:\/\/acritarche.com\/wp-content\/uploads\/2016\/09\/Mockup-Sanctuaire_v2_livret_3-768x372.jpg 768w, https:\/\/acritarche.com\/wp-content\/uploads\/2016\/09\/Mockup-Sanctuaire_v2_livret_3-700x339.jpg 700w, https:\/\/acritarche.com\/wp-content\/uploads\/2016\/09\/Mockup-Sanctuaire_v2_livret_3-520x252.jpg 520w, https:\/\/acritarche.com\/wp-content\/uploads\/2016\/09\/Mockup-Sanctuaire_v2_livret_3-360x174.jpg 360w, https:\/\/acritarche.com\/wp-content\/uploads\/2016\/09\/Mockup-Sanctuaire_v2_livret_3-250x121.jpg 250w, https:\/\/acritarche.com\/wp-content\/uploads\/2016\/09\/Mockup-Sanctuaire_v2_livret_3-100x48.jpg 100w\" sizes=\"(max-width: 640px) 100vw, 640px\" \/><\/p>\n<blockquote>\n<p class=\"p1\"><em>J\u2019ai rarement vu une dissection aussi fine d\u2019une partie. Tout y est ou\u00a0presque et j\u2019esp\u00e8re que de nombreux d\u00e9butants pourront d\u00e9couvrir ce\u00a0module.<\/em> \u2014 <b>Magimax<\/b><\/p>\n<\/blockquote>\n<hr \/>\n<p>La seconde partie du livre contient la retranscription compl\u00e8te d&rsquo;une partie de Dungeon World dans Sanctuaire avec les pr\u00e9tir\u00e9s du module. Depuis le moment o\u00f9 les joueurs s&rsquo;assoient et distribuent les personnages jusqu&rsquo;\u00e0 la fin de la session puis de\u00a0la cr\u00e9ation commune du contexte ext\u00e9rieur au donjon jusqu&rsquo;\u00e0 la cr\u00e9ation\u00a0de nouveaux Fronts, travail r\u00e9serv\u00e9 au Meneur pour prolonger l&rsquo;exp\u00e9rience par une nouvelle partie. Cette partie contient\u00a0plus de 40 \u00ab\u00a0Trucs d&rsquo;Acritarche\u00a0\u00bb, des trucs pour le\u00a0Meneur, souvent g\u00e9n\u00e9raux, s\u00e9lectionn\u00e9s par\u00a025 ans d&rsquo;exp\u00e9rience.<\/p>\n<p><img decoding=\"async\" loading=\"lazy\" class=\"aligncenter wp-image-344 size-large\" src=\"http:\/\/acritarche.com\/wp-content\/uploads\/2016\/09\/Mockup-Sanctuaire_v2_livret_5-1024x495.jpg\" alt=\"sanctuaire (mockup-sanctuaire_v2_livret_5)\" width=\"640\" height=\"309\" srcset=\"https:\/\/acritarche.com\/wp-content\/uploads\/2016\/09\/Mockup-Sanctuaire_v2_livret_5-1024x495.jpg 1024w, https:\/\/acritarche.com\/wp-content\/uploads\/2016\/09\/Mockup-Sanctuaire_v2_livret_5-300x145.jpg 300w, https:\/\/acritarche.com\/wp-content\/uploads\/2016\/09\/Mockup-Sanctuaire_v2_livret_5-768x372.jpg 768w, https:\/\/acritarche.com\/wp-content\/uploads\/2016\/09\/Mockup-Sanctuaire_v2_livret_5-700x339.jpg 700w, https:\/\/acritarche.com\/wp-content\/uploads\/2016\/09\/Mockup-Sanctuaire_v2_livret_5-520x252.jpg 520w, https:\/\/acritarche.com\/wp-content\/uploads\/2016\/09\/Mockup-Sanctuaire_v2_livret_5-360x174.jpg 360w, https:\/\/acritarche.com\/wp-content\/uploads\/2016\/09\/Mockup-Sanctuaire_v2_livret_5-250x121.jpg 250w, https:\/\/acritarche.com\/wp-content\/uploads\/2016\/09\/Mockup-Sanctuaire_v2_livret_5-100x48.jpg 100w\" sizes=\"(max-width: 640px) 100vw, 640px\" \/><\/p>\n<blockquote>\n<p class=\"p1\"><em>[\u2026] c\u2019est clair et bien \u00e9crit. J\u2019ai particuli\u00e8rement aim\u00e9 les \u00ab Trucs d\u2019Acritarche\u00a0\u00bb<\/em> \u2014 <b>Peggy Chassenet<\/b><\/p>\n<\/blockquote>\n<hr \/>\n<p>Sanctuaire est mon premier projet \u00ab\u00a0100% Acritarche\u00a0\u00bb, con\u00e7u, r\u00e9dig\u00e9, \u00e9dit\u00e9, cartographi\u00e9 et mis en page par mes soins. Il aurait pris\u00a0une toute autre direction sans les conseils avis\u00e9s de J\u00e9r\u00f4me Larr\u00e9 et Eric Nieudan, et sa finition ne serait pas aussi aboutie sans les remarques pertinentes de\u00a0Magimax, Gr\u00e9gory Pogorzelsky, Peggy Chassenet et Erestor. Mon <del>fran\u00e7ais<\/del> belge \u00e9tant ce qu&rsquo;il est, le texte a grandement b\u00e9n\u00e9fici\u00e9 des relectures de Marie-Fran\u00e7oise Hainaux, Matthieu Chalaux et Yanick Porchet. Merci \u00e0 vous, vous \u00eates formidables!<\/p>\n","protected":false},"excerpt":{"rendered":"<p>Sanctuaire est un module con\u00e7u pour le Meneur de jeu. Que vous soyez un d\u00e9butant complet ou que vous soyez d\u00e9boussol\u00e9 par Dungeon World, Sanctuaire est fait pour vous! Sanctuaire est un module qui se compose d&rsquo;un livre de 76 [&hellip;]<\/p>\n","protected":false},"author":1,"featured_media":0,"parent":11,"menu_order":0,"comment_status":"closed","ping_status":"closed","template":"","meta":[],"_links":{"self":[{"href":"https:\/\/acritarche.com\/index.php\/wp-json\/wp\/v2\/pages\/341"}],"collection":[{"href":"https:\/\/acritarche.com\/index.php\/wp-json\/wp\/v2\/pages"}],"about":[{"href":"https:\/\/acritarche.com\/index.php\/wp-json\/wp\/v2\/types\/page"}],"author":[{"embeddable":true,"href":"https:\/\/acritarche.com\/index.php\/wp-json\/wp\/v2\/users\/1"}],"replies":[{"embeddable":true,"href":"https:\/\/acritarche.com\/index.php\/wp-json\/wp\/v2\/comments?post=341"}],"version-history":[{"count":8,"href":"https:\/\/acritarche.com\/index.php\/wp-json\/wp\/v2\/pages\/341\/revisions"}],"predecessor-version":[{"id":520,"href":"https:\/\/acritarche.com\/index.php\/wp-json\/wp\/v2\/pages\/341\/revisions\/520"}],"up":[{"embeddable":true,"href":"https:\/\/acritarche.com\/index.php\/wp-json\/wp\/v2\/pages\/11"}],"wp:attachment":[{"href":"https:\/\/acritarche.com\/index.php\/wp-json\/wp\/v2\/media?parent=341"}],"curies":[{"name":"wp","href":"https:\/\/api.w.org\/{rel}","templated":true}]}}